{"id":618,"date":"2021-07-08T13:59:40","date_gmt":"2021-07-08T11:59:40","guid":{"rendered":"https:\/\/ecofruits.es\/?page_id=618"},"modified":"2023-11-24T09:37:40","modified_gmt":"2023-11-24T08:37:40","slug":"asociados","status":"publish","type":"page","link":"https:\/\/ecofruits.es\/en\/asociados\/","title":{"rendered":"PARTNERS"},"content":{"rendered":"<p style=\"text-align: justify;\">Ecofruits is much more than simply a company selling products and services, we are a community. We aim to unite all farmers in the region through an honest and loyal association. Our associates can enjoy a range of advantages, including discounts on cuttings, products for the land and agricultural supplies, amongst others.<\/p>\r\n\r\n\r\n\r\n<h4 style=\"text-align: justify;\"><strong>Commitment to the environment<\/strong>.<\/h4>\r\n<p style=\"text-align: justify;\">Todo este sue\u00f1o y proyecto no ser\u00eda posible si no tuvi\u00e9ramos los recursos que nos proporciona la naturaleza, es por ello que nuestra pol\u00edtica es estrictamente ecol\u00f3gica.<\/p>\r\n<p style=\"text-align: justify;\">\r\n\r\n<\/p>\r\n<p style=\"text-align: justify;\">Ecofruits se crea con convicci\u00f3n para una agricultura sostenible y ecol\u00f3gica, en l\u00ednea con la Agenda 2030 de pol\u00edtica medioambiental de la ONU. Nuestros productos no son tratados con organismos modificados gen\u00e9ticamente y hacemos un uso de pr\u00e1cticas y labranzas respetuosas con el suelo y el entorno.<\/p>\r\n<p style=\"text-align: justify;\"><\/p>\r\n<p>&nbsp;<\/p>\r\n\r\n<a href=\"https:\/\/ecofruits.es\/en\/contacto\/\" target=\"_self\" class=\"btn btn-border\">\r\n\t<span>\u00daNETE A NOSOTROS<\/span>\r\n<\/a>\n<p style=\"text-align: center;\">\n<\/p>","protected":false},"excerpt":{"rendered":"<p>Ecofruits es mucho m\u00e1s que una empresa de venta de productos y servicios, es una comunidad. Pretendemos la uni\u00f3n de todos los agricultores de la comarca a trav\u00e9s de una asociaci\u00f3n real y leal. Nuestros asociados podr\u00e1n disponer de grandes ventajas como descuentos en esquejes, productos para el campo o suministros agr\u00edcolas, etc\u2026 Compromiso con&#8230;<\/p>","protected":false},"author":1,"featured_media":0,"parent":0,"menu_order":0,"comment_status":"closed","ping_status":"closed","template":"template-background-segments.php","meta":{"_editorskit_title_hidden":false,"_editorskit_reading_time":1,"_editorskit_is_block_options_detached":false,"_editorskit_block_options_position":"{}","footnotes":""},"yoast_head":"<!-- This site is optimized with the Yoast SEO Premium plugin v20.3 (Yoast SEO v20.3) - https:\/\/yoast.com\/wordpress\/plugins\/seo\/ -->\n<title>Asociados - Ecofruits Guadalquivir<\/title>\n<meta name=\"description\" content=\"Ecofruits es mucho m\u00e1s que una empresa de venta de productos y servicios, es una comunidad. Ven a conocernos no lo dudes.\" \/>\n<meta name=\"robots\" content=\"index, follow, max-snippet:-1, max-image-preview:large, max-video-preview:-1\" \/>\n<link rel=\"canonical\" href=\"https:\/\/ecofruits.es\/en\/asociados\/\" \/>\n<meta property=\"og:locale\" content=\"en_GB\" \/>\n<meta property=\"og:type\" content=\"article\" \/>\n<meta property=\"og:title\" content=\"Asociados\" \/>\n<meta property=\"og:description\" content=\"Ecofruits es mucho m\u00e1s que una empresa de venta de productos y servicios, es una comunidad. Ven a conocernos no lo dudes.\" \/>\n<meta property=\"og:url\" content=\"https:\/\/ecofruits.es\/en\/asociados\/\" \/>\n<meta property=\"og:site_name\" content=\"Ecofruits Guadalquivir\" \/>\n<meta property=\"article:modified_time\" content=\"2023-11-24T08:37:40+00:00\" \/>\n<meta name=\"twitter:card\" content=\"summary_large_image\" \/>\n<meta name=\"twitter:label1\" content=\"Estimated reading time\" \/>\n\t<meta name=\"twitter:data1\" content=\"1 minute\" \/>\n<script type=\"application\/ld+json\" class=\"yoast-schema-graph\">{\"@context\":\"https:\/\/schema.org\",\"@graph\":[{\"@type\":\"WebPage\",\"@id\":\"https:\/\/ecofruits.es\/asociados\/\",\"url\":\"https:\/\/ecofruits.es\/asociados\/\",\"name\":\"Asociados - Ecofruits Guadalquivir\",\"isPartOf\":{\"@id\":\"https:\/\/ecofruits.es\/#website\"},\"datePublished\":\"2021-07-08T11:59:40+00:00\",\"dateModified\":\"2023-11-24T08:37:40+00:00\",\"description\":\"Ecofruits es mucho m\u00e1s que una empresa de venta de productos y servicios, es una comunidad. Ven a conocernos no lo dudes.\",\"breadcrumb\":{\"@id\":\"https:\/\/ecofruits.es\/asociados\/#breadcrumb\"},\"inLanguage\":\"en-GB\",\"potentialAction\":[{\"@type\":\"ReadAction\",\"target\":[\"https:\/\/ecofruits.es\/asociados\/\"]}]},{\"@type\":\"BreadcrumbList\",\"@id\":\"https:\/\/ecofruits.es\/asociados\/#breadcrumb\",\"itemListElement\":[{\"@type\":\"ListItem\",\"position\":1,\"name\":\"Home\",\"item\":\"https:\/\/ecofruits.es\/\"},{\"@type\":\"ListItem\",\"position\":2,\"name\":\"Asociados\"}]},{\"@type\":\"WebSite\",\"@id\":\"https:\/\/ecofruits.es\/#website\",\"url\":\"https:\/\/ecofruits.es\/\",\"name\":\"Ecofruits Guadalquivir\",\"description\":\"Tu Aliado Perfecto\",\"potentialAction\":[{\"@type\":\"SearchAction\",\"target\":{\"@type\":\"EntryPoint\",\"urlTemplate\":\"https:\/\/ecofruits.es\/?s={search_term_string}\"},\"query-input\":\"required name=search_term_string\"}],\"inLanguage\":\"en-GB\"}]}<\/script>\n<!-- \/ Yoast SEO Premium plugin. -->","yoast_head_json":{"title":"Asociados - Ecofruits Guadalquivir","description":"Ecofruits es mucho m\u00e1s que una empresa de venta de productos y servicios, es una comunidad. Ven a conocernos no lo dudes.","robots":{"index":"index","follow":"follow","max-snippet":"max-snippet:-1","max-image-preview":"max-image-preview:large","max-video-preview":"max-video-preview:-1"},"canonical":"https:\/\/ecofruits.es\/en\/asociados\/","og_locale":"en_GB","og_type":"article","og_title":"Asociados","og_description":"Ecofruits es mucho m\u00e1s que una empresa de venta de productos y servicios, es una comunidad. Ven a conocernos no lo dudes.","og_url":"https:\/\/ecofruits.es\/en\/asociados\/","og_site_name":"Ecofruits Guadalquivir","article_modified_time":"2023-11-24T08:37:40+00:00","twitter_card":"summary_large_image","twitter_misc":{"Estimated reading time":"1 minute"},"schema":{"@context":"https:\/\/schema.org","@graph":[{"@type":"WebPage","@id":"https:\/\/ecofruits.es\/asociados\/","url":"https:\/\/ecofruits.es\/asociados\/","name":"Asociados - Ecofruits Guadalquivir","isPartOf":{"@id":"https:\/\/ecofruits.es\/#website"},"datePublished":"2021-07-08T11:59:40+00:00","dateModified":"2023-11-24T08:37:40+00:00","description":"Ecofruits es mucho m\u00e1s que una empresa de venta de productos y servicios, es una comunidad. Ven a conocernos no lo dudes.","breadcrumb":{"@id":"https:\/\/ecofruits.es\/asociados\/#breadcrumb"},"inLanguage":"en-GB","potentialAction":[{"@type":"ReadAction","target":["https:\/\/ecofruits.es\/asociados\/"]}]},{"@type":"BreadcrumbList","@id":"https:\/\/ecofruits.es\/asociados\/#breadcrumb","itemListElement":[{"@type":"ListItem","position":1,"name":"Home","item":"https:\/\/ecofruits.es\/"},{"@type":"ListItem","position":2,"name":"Asociados"}]},{"@type":"WebSite","@id":"https:\/\/ecofruits.es\/#website","url":"https:\/\/ecofruits.es\/","name":"Ecofruits Guadalquivir","description":"Tu Aliado Perfecto","potentialAction":[{"@type":"SearchAction","target":{"@type":"EntryPoint","urlTemplate":"https:\/\/ecofruits.es\/?s={search_term_string}"},"query-input":"required name=search_term_string"}],"inLanguage":"en-GB"}]}},"_links":{"self":[{"href":"https:\/\/ecofruits.es\/en\/wp-json\/wp\/v2\/pages\/618"}],"collection":[{"href":"https:\/\/ecofruits.es\/en\/wp-json\/wp\/v2\/pages"}],"about":[{"href":"https:\/\/ecofruits.es\/en\/wp-json\/wp\/v2\/types\/page"}],"author":[{"embeddable":true,"href":"https:\/\/ecofruits.es\/en\/wp-json\/wp\/v2\/users\/1"}],"replies":[{"embeddable":true,"href":"https:\/\/ecofruits.es\/en\/wp-json\/wp\/v2\/comments?post=618"}],"version-history":[{"count":27,"href":"https:\/\/ecofruits.es\/en\/wp-json\/wp\/v2\/pages\/618\/revisions"}],"predecessor-version":[{"id":1048,"href":"https:\/\/ecofruits.es\/en\/wp-json\/wp\/v2\/pages\/618\/revisions\/1048"}],"wp:attachment":[{"href":"https:\/\/ecofruits.es\/en\/wp-json\/wp\/v2\/media?parent=618"}],"curies":[{"name":"wp","href":"https:\/\/api.w.org\/{rel}","templated":true}]}}