{"id":571,"date":"2021-07-01T14:28:29","date_gmt":"2021-07-01T12:28:29","guid":{"rendered":"https:\/\/ecofruits.es\/?page_id=571"},"modified":"2023-05-25T10:07:55","modified_gmt":"2023-05-25T08:07:55","slug":"cookie","status":"publish","type":"page","link":"https:\/\/ecofruits.es\/en\/cookie\/","title":{"rendered":"Cookies"},"content":{"rendered":"<p class=\"has-text-align-justify\">En esta web se utilizan cookies de terceros y propias para conseguir que tengas una mejor experiencia de navegaci\u00f3n, puedas compartir contenido en redes sociales y para que podamos obtener estad\u00edsticas de los usuarios.<\/p>\n\n\n\n<p class=\"has-text-align-justify\">Puedes evitar la descarga de cookies a trav\u00e9s de la configuraci\u00f3n de tu navegador, evitando que las cookies se almacenen en su dispositivo.<\/p>\n\n\n\n<p class=\"has-text-align-justify\">Como propietario de este sitio web, te comunico que no utilizamos ninguna informaci\u00f3n personal procedente de cookies, tan s\u00f3lo realizamos estad\u00edsticas generales de visitas que no suponen ninguna informaci\u00f3n personal.<\/p>\n\n\n\n<p class=\"has-text-align-justify\">Es muy importante que leas la presente pol\u00edtica de cookies y comprendas que, si contin\u00faas navegando, consideraremos que aceptas su uso.<\/p>\n\n\n\n<p class=\"has-text-align-justify\">Seg\u00fan los t\u00e9rminos incluidos en el art\u00edculo 22.2 de la Ley 34\/2002 de Servicios de la Sociedad de la Informaci\u00f3n y Comercio Electr\u00f3nico, si contin\u00faas navegando, estar\u00e1s prestando tu consentimiento para el empleo de los referidos mecanismos.<\/p>\n\n\n\n<h3 class=\"wp-block-heading\" id=\"h-entidad-responsable\">Entidad Responsable<\/h3>\n\n\n\n<p class=\"has-text-align-justify\">La entidad responsable de la recogida, procesamiento y utilizaci\u00f3n de tus datos personales, en el sentido establecido por la Ley de Protecci\u00f3n de Datos Personales es la p\u00e1gina <a href=\"https:\/\/ecofruits.es\/en\/\">https:\/\/ecofruits.es\/<\/a>.<\/p>\n\n\n\n<h3 class=\"wp-block-heading\" id=\"h-que-son-las-cookies\">\u00bfQu\u00e9 son las cookies?<\/h3>\n\n\n\n<p class=\"has-text-align-justify\">Las cookies son un conjunto de datos que un servidor deposita en el navegador del usuario para recoger la informaci\u00f3n de registro est\u00e1ndar de Internet y la informaci\u00f3n del comportamiento de los visitantes en un sitio web. Es decir, se trata de peque\u00f1os archivos de texto que quedan almacenados en el disco duro del ordenador y que sirven para identificar al usuario cuando se conecta nuevamente al sitio web. Su objetivo es registrar la visita del usuario y guardar cierta informaci\u00f3n. Su uso es com\u00fan y frecuente en la web ya que permite a las p\u00e1ginas funcionar de manera m\u00e1s eficiente y conseguir una mayor personalizaci\u00f3n y an\u00e1lisis sobre el comportamiento del usuario.<\/p>\n\n\n\n<h3 class=\"wp-block-heading\" id=\"h-que-tipos-de-cookies-existen\">\u00bfQu\u00e9 tipos de cookies existen?<\/h3>\n\n\n\n<p class=\"has-text-align-justify\">El sistema de cookies utilizadas en nuestro sitio web, son de sesi\u00f3n y de terceros, y nos permiten almacenar y acceder a informaci\u00f3n relativa al idioma, el tipo de navegador utilizado, y otras caracter\u00edsticas generales predefinidas por el usuario, as\u00ed como, seguir y analizar la actividad que lleva a cabo, con el objeto de introducir mejoras y prestar nuestros servicios de una manera m\u00e1s eficiente y personalizada.<\/p>\n\n\n\n<h3 class=\"wp-block-heading\" id=\"h-en-funcion-a-su-permanencia\">En funci\u00f3n a su permanencia.<\/h3>\n\n\n\n<p class=\"has-text-align-justify\">En funci\u00f3n de su permanencia, pueden dividirse en cookies de sesi\u00f3n o permanentes. Las que expiran cuando el usuario cierra el navegador. Las que expiran en funci\u00f3n de cuando se cumpla el objetivo para el que sirven (por ejemplo, para que el usuario se mantenga identificado en los servicios de Ecofruits) o bien cuando se borran manualmente.<\/p>\n\n\n\n<p class=\"has-text-align-justify\">En funci\u00f3n de su objetivo, las cookies pueden clasificarse de la siguiente forma:<\/p>\n\n\n\n<ul>\n<li>Cookies Esenciales<\/li>\n<\/ul>\n\n\n\n<p class=\"has-text-align-justify\">Las cookies esenciales permiten funciones b\u00e1sicas y son necesarias para el correcto funcionamiento del sitio web.<\/p>\n\n\n\n<ul>\n<li>Medios Externos<\/li>\n<\/ul>\n\n\n\n<p class=\"has-text-align-justify\">El contenido de las plataformas de v\u00eddeo y de las plataformas de medios sociales est\u00e1 bloqueado por defecto. Si se aceptan cookies de medios externos, el acceso a esos contenidos ya no requiere un consentimiento manual.<\/p>\n\n\n\n<ul>\n<li>Cookies de anal\u00edticas<\/li>\n<\/ul>\n\n\n\n<p class=\"has-text-align-justify\">Cada vez que un usuario visita un servicio, una herramienta de un proveedor externo genera una cookie anal\u00edtica en el ordenador del usuario. Esta cookie que s\u00f3lo se genera en la visita, servir\u00e1 en pr\u00f3ximas visitas a los servicios de Ecofruits para identificar de forma an\u00f3nima al visitante. Los objetivos principales que se persiguen son:<\/p>\n\n\n\n<p class=\"has-text-align-justify\">Permitir la identificaci\u00f3n an\u00f3nima de los usuarios navegantes a trav\u00e9s de la cookie (identifica navegadores y dispositivos, no personas) y por lo tanto la contabilizaci\u00f3n aproximada del n\u00famero de visitantes y su tendencia en el tiempo.<br>Identificar de forma an\u00f3nima los contenidos m\u00e1s visitados y por lo tanto m\u00e1s atractivos para los usuarios Saber si el usuario que est\u00e1 accediendo es nuevo o repite visita.<\/p>\n\n\n\n<p class=\"has-text-align-justify\">Importante: Salvo que el usuario decida registrarse en un servicio de Ecofruits, la cookie nunca ir\u00e1 asociada a ning\u00fan dato de car\u00e1cter personal que pueda identificarle. Dichas cookies s\u00f3lo ser\u00e1n utilizadas con prop\u00f3sitos estad\u00edsticos que ayuden a la optimizaci\u00f3n de la experiencia de los usuarios en el sitio.<\/p>\n\n\n\n<h3 class=\"wp-block-heading\" id=\"h-como-puedo-deshabilitar-las-cookies-en-mi-navegador\">\u00bfC\u00f3mo puedo deshabilitar las cookies en mi navegador?<\/h3>\n\n\n\n<p class=\"has-text-align-justify\">Se pueden configurar los diferentes navegadores para avisar al usuario de la recepci\u00f3n de cookies y, si se desea, impedir su instalaci\u00f3n en el equipo. Asimismo, el usuario puede revisar en su navegador qu\u00e9 cookies tiene instaladas y cu\u00e1l es el plazo de caducidad de las mismas, pudiendo eliminarlas.<\/p>\n\n\n\n<p class=\"has-text-align-justify\">Para ampliar esta informaci\u00f3n consulte las instrucciones y manuales de su navegador:<\/p>\n\n\n\n<p>M\u00e1s informaci\u00f3n sobre la administraci\u00f3n de las cookies:<\/p>\n\n\n\n<p>Chrome:\u00a0<a href=\"https:\/\/support.google.com\/chrome\/answer\/95647?hl=es\">https:\/\/support.google.com\/chrome\/answer\/95647?hl=es<\/a><\/p>\n\n\n\n<p>Explorer:\u00a0<a href=\"http:\/\/windows.microsoft.com\/es-es\/windows-vista\/cookies-frequently-asked-questions\">http:\/\/windows.microsoft.com\/es-es\/windows-vista\/cookies-frequently-asked-questions<\/a><\/p>\n\n\n\n<p>Mozilla Firefox:\u00a0<a href=\"http:\/\/support.mozilla.org\/es\/kb\/habilitar-y-deshabilitar-cookies-que-los-sitios-we%20\" class=\"ek-link\">http:\/\/support.mozilla.org\/es\/kb\/habilitar-y-deshabilitar-cookies-que-los-sitios-we<\/a><\/p>\n\n\n\n<p>Safari:\u00a0<a href=\"http:\/\/www.apple.com\/es\/privacy\/use-of-cookies\/%20\">http:\/\/www.apple.com\/es\/privacy\/use-of-cookies\/<\/a><\/p>\n\n\n\n<p>Opera:\u00a0<a href=\"http:\/\/help.opera.com\/Windows\/11.50\/es-ES\/cookies.html\">http:\/\/help.opera.com\/Windows\/11.50\/es-ES\/cookies.html<\/a><\/p>\n\n\n\n<p>Si desea dejar de ser seguido por Google Analytics visite:&nbsp;<a href=\"http:\/\/tools.google.com\/dlpage\/gaoptout\">http:\/\/tools.google.com\/dlpage\/gaoptout<\/a><\/p>\n\n\n\n<h3 class=\"wp-block-heading\" id=\"h-para-saber-mas-sobre-las-cookies\">Para saber m\u00e1s sobre las cookies<\/h3>\n\n\n\n<p>Puede obtener m\u00e1s informaci\u00f3n sobre la publicidad online basada en el comportamiento y la privacidad online en el siguiente enlace:&nbsp;<a href=\"http:\/\/www.youronlinechoices.com\/es\/\">http:\/\/www.youronlinechoices.com\/es\/<\/a><\/p>\n\n\n\n<p>Protecci\u00f3n de datos de Google Analytics:&nbsp;<a href=\"http:\/\/www.google.com\/analytics\/learn\/privacy.html\">http:\/\/www.google.com\/analytics\/learn\/privacy.html<\/a><\/p>\n\n\n\n<p>C\u00f3mo usa Google Analytics las cookies:&nbsp;<a href=\"https:\/\/developers.google.com\/analytics\/devguides\/collection\/analyticsjs\/cookie-usage?hl=es#analyticsjs\">https:\/\/developers.google.com\/analytics\/devguides\/collection\/analyticsjs\/cookie-usage?hl=es#analyticsjs<\/a><\/p>\n\n\n\n<h3 class=\"wp-block-heading\" id=\"h-actualizaciones-y-cambios-en-la-politica-de-privacidad-cookies\">Actualizaciones y cambios en la pol\u00edtica de privacidad\/cookies<\/h3>\n\n\n\n<p class=\"has-text-align-justify\">Las webs de Ecofruits pueden modificar esta Pol\u00edtica de Cookies en funci\u00f3n de exigencias legislativas, reglamentarias, o con la finalidad de adaptar dicha pol\u00edtica a las instrucciones dictadas por la Agencia Espa\u00f1ola de Protecci\u00f3n de Datos, por ello se aconseja a los usuarios que la visiten peri\u00f3dicamente.<\/p>\n\n\n\n<p class=\"has-text-align-justify\">Cuando se produzcan cambios significativos en esta Pol\u00edtica de Cookies, estos se comunicar\u00e1n a los usuarios bien mediante la web o a trav\u00e9s de correo electr\u00f3nico a los usuarios registrados.<\/p>\n\n\n\n<p class=\"has-text-align-justify\"><a href=\"#\" class=\"_brlbs-btn-cookie-preference borlabs-cookie-preference\">Editar cookies<\/a><\/p>","protected":false},"excerpt":{"rendered":"<p>En esta web se utilizan cookies de terceros y propias para conseguir que tengas una mejor experiencia de navegaci\u00f3n, puedas compartir contenido en redes sociales y para que podamos obtener estad\u00edsticas de los usuarios. Puedes evitar la descarga de cookies a trav\u00e9s de la configuraci\u00f3n de tu navegador, evitando que las cookies se almacenen en&#8230;<\/p>","protected":false},"author":1,"featured_media":0,"parent":0,"menu_order":0,"comment_status":"closed","ping_status":"closed","template":"","meta":{"_editorskit_title_hidden":false,"_editorskit_reading_time":3,"_editorskit_is_block_options_detached":false,"_editorskit_block_options_position":"{}","footnotes":""},"yoast_head":"<!-- This site is optimized with the Yoast SEO Premium plugin v20.3 (Yoast SEO v20.3) - https:\/\/yoast.com\/wordpress\/plugins\/seo\/ -->\n<title>Cookies - Ecofruits Guadalquivir<\/title>\n<meta name=\"description\" content=\"Las cookies en nuestra web se utilizan de manera responsable y transparente, asegurando y respetando la privacidad del usuario.\" \/>\n<meta name=\"robots\" content=\"index, follow, max-snippet:-1, max-image-preview:large, max-video-preview:-1\" \/>\n<link rel=\"canonical\" href=\"https:\/\/ecofruits.es\/en\/cookie\/\" \/>\n<meta property=\"og:locale\" content=\"en_GB\" \/>\n<meta property=\"og:type\" content=\"article\" \/>\n<meta property=\"og:title\" content=\"Cookies\" \/>\n<meta property=\"og:description\" content=\"Las cookies en nuestra web se utilizan de manera responsable y transparente, asegurando y respetando la privacidad del usuario.\" \/>\n<meta property=\"og:url\" content=\"https:\/\/ecofruits.es\/en\/cookie\/\" \/>\n<meta property=\"og:site_name\" content=\"Ecofruits Guadalquivir\" \/>\n<meta property=\"article:modified_time\" content=\"2023-05-25T08:07:55+00:00\" \/>\n<meta name=\"twitter:card\" content=\"summary_large_image\" \/>\n<meta name=\"twitter:label1\" content=\"Estimated reading time\" \/>\n\t<meta name=\"twitter:data1\" content=\"5 minutes\" \/>\n<script type=\"application\/ld+json\" class=\"yoast-schema-graph\">{\"@context\":\"https:\/\/schema.org\",\"@graph\":[{\"@type\":\"WebPage\",\"@id\":\"https:\/\/ecofruits.es\/cookie\/\",\"url\":\"https:\/\/ecofruits.es\/cookie\/\",\"name\":\"Cookies - Ecofruits Guadalquivir\",\"isPartOf\":{\"@id\":\"https:\/\/ecofruits.es\/#website\"},\"datePublished\":\"2021-07-01T12:28:29+00:00\",\"dateModified\":\"2023-05-25T08:07:55+00:00\",\"description\":\"Las cookies en nuestra web se utilizan de manera responsable y transparente, asegurando y respetando la privacidad del usuario.\",\"breadcrumb\":{\"@id\":\"https:\/\/ecofruits.es\/cookie\/#breadcrumb\"},\"inLanguage\":\"en-GB\",\"potentialAction\":[{\"@type\":\"ReadAction\",\"target\":[\"https:\/\/ecofruits.es\/cookie\/\"]}]},{\"@type\":\"BreadcrumbList\",\"@id\":\"https:\/\/ecofruits.es\/cookie\/#breadcrumb\",\"itemListElement\":[{\"@type\":\"ListItem\",\"position\":1,\"name\":\"Home\",\"item\":\"https:\/\/ecofruits.es\/\"},{\"@type\":\"ListItem\",\"position\":2,\"name\":\"Cookies\"}]},{\"@type\":\"WebSite\",\"@id\":\"https:\/\/ecofruits.es\/#website\",\"url\":\"https:\/\/ecofruits.es\/\",\"name\":\"Ecofruits Guadalquivir\",\"description\":\"Tu Aliado Perfecto\",\"potentialAction\":[{\"@type\":\"SearchAction\",\"target\":{\"@type\":\"EntryPoint\",\"urlTemplate\":\"https:\/\/ecofruits.es\/?s={search_term_string}\"},\"query-input\":\"required name=search_term_string\"}],\"inLanguage\":\"en-GB\"}]}<\/script>\n<!-- \/ Yoast SEO Premium plugin. -->","yoast_head_json":{"title":"Cookies - Ecofruits Guadalquivir","description":"Las cookies en nuestra web se utilizan de manera responsable y transparente, asegurando y respetando la privacidad del usuario.","robots":{"index":"index","follow":"follow","max-snippet":"max-snippet:-1","max-image-preview":"max-image-preview:large","max-video-preview":"max-video-preview:-1"},"canonical":"https:\/\/ecofruits.es\/en\/cookie\/","og_locale":"en_GB","og_type":"article","og_title":"Cookies","og_description":"Las cookies en nuestra web se utilizan de manera responsable y transparente, asegurando y respetando la privacidad del usuario.","og_url":"https:\/\/ecofruits.es\/en\/cookie\/","og_site_name":"Ecofruits Guadalquivir","article_modified_time":"2023-05-25T08:07:55+00:00","twitter_card":"summary_large_image","twitter_misc":{"Estimated reading time":"5 minutes"},"schema":{"@context":"https:\/\/schema.org","@graph":[{"@type":"WebPage","@id":"https:\/\/ecofruits.es\/cookie\/","url":"https:\/\/ecofruits.es\/cookie\/","name":"Cookies - Ecofruits Guadalquivir","isPartOf":{"@id":"https:\/\/ecofruits.es\/#website"},"datePublished":"2021-07-01T12:28:29+00:00","dateModified":"2023-05-25T08:07:55+00:00","description":"Las cookies en nuestra web se utilizan de manera responsable y transparente, asegurando y respetando la privacidad del usuario.","breadcrumb":{"@id":"https:\/\/ecofruits.es\/cookie\/#breadcrumb"},"inLanguage":"en-GB","potentialAction":[{"@type":"ReadAction","target":["https:\/\/ecofruits.es\/cookie\/"]}]},{"@type":"BreadcrumbList","@id":"https:\/\/ecofruits.es\/cookie\/#breadcrumb","itemListElement":[{"@type":"ListItem","position":1,"name":"Home","item":"https:\/\/ecofruits.es\/"},{"@type":"ListItem","position":2,"name":"Cookies"}]},{"@type":"WebSite","@id":"https:\/\/ecofruits.es\/#website","url":"https:\/\/ecofruits.es\/","name":"Ecofruits Guadalquivir","description":"Tu Aliado Perfecto","potentialAction":[{"@type":"SearchAction","target":{"@type":"EntryPoint","urlTemplate":"https:\/\/ecofruits.es\/?s={search_term_string}"},"query-input":"required name=search_term_string"}],"inLanguage":"en-GB"}]}},"_links":{"self":[{"href":"https:\/\/ecofruits.es\/en\/wp-json\/wp\/v2\/pages\/571"}],"collection":[{"href":"https:\/\/ecofruits.es\/en\/wp-json\/wp\/v2\/pages"}],"about":[{"href":"https:\/\/ecofruits.es\/en\/wp-json\/wp\/v2\/types\/page"}],"author":[{"embeddable":true,"href":"https:\/\/ecofruits.es\/en\/wp-json\/wp\/v2\/users\/1"}],"replies":[{"embeddable":true,"href":"https:\/\/ecofruits.es\/en\/wp-json\/wp\/v2\/comments?post=571"}],"version-history":[{"count":6,"href":"https:\/\/ecofruits.es\/en\/wp-json\/wp\/v2\/pages\/571\/revisions"}],"predecessor-version":[{"id":798,"href":"https:\/\/ecofruits.es\/en\/wp-json\/wp\/v2\/pages\/571\/revisions\/798"}],"wp:attachment":[{"href":"https:\/\/ecofruits.es\/en\/wp-json\/wp\/v2\/media?parent=571"}],"curies":[{"name":"wp","href":"https:\/\/api.w.org\/{rel}","templated":true}]}}